{"id":10126,"date":"2023-10-30T19:52:09","date_gmt":"2023-10-30T19:52:09","guid":{"rendered":"https:\/\/gectech.mx\/en\/?post_type=product&#038;p=10126"},"modified":"2023-10-30T19:53:58","modified_gmt":"2023-10-30T19:53:58","slug":"surface-hub-3","status":"publish","type":"product","link":"https:\/\/gectech.mx\/en\/product\/surface-hub-3\/","title":{"rendered":"Surface Hub 3"},"content":{"rendered":"","protected":false},"excerpt":{"rendered":"<p><span>Description:<\/span><br \/>\nEl dispositivo de colaboraci\u00f3n de primera calidad dise\u00f1ador por Microsoft para Salas de Microsoft Teams en Windows. Surface Hub 3 ayuda a los equipos a lograr m\u00e1s juntos. El fondo de pantalla que se muestra est\u00e1 disponible para la descarga. El aspecto puede variar.<\/p>\n","protected":false},"featured_media":10127,"comment_status":"closed","ping_status":"closed","template":"","meta":[],"product_brand":[],"product_cat":[73],"product_tag":[],"class_list":{"0":"post-10126","1":"product","2":"type-product","3":"status-publish","4":"has-post-thumbnail","6":"product_cat-surface","8":"first","9":"instock","10":"featured","11":"shipping-taxable","12":"product-type-simple"},"_links":{"self":[{"href":"https:\/\/gectech.mx\/en\/wp-json\/wp\/v2\/product\/10126","targetHints":{"allow":["GET"]}}],"collection":[{"href":"https:\/\/gectech.mx\/en\/wp-json\/wp\/v2\/product"}],"about":[{"href":"https:\/\/gectech.mx\/en\/wp-json\/wp\/v2\/types\/product"}],"replies":[{"embeddable":true,"href":"https:\/\/gectech.mx\/en\/wp-json\/wp\/v2\/comments?post=10126"}],"wp:featuredmedia":[{"embeddable":true,"href":"https:\/\/gectech.mx\/en\/wp-json\/wp\/v2\/media\/10127"}],"wp:attachment":[{"href":"https:\/\/gectech.mx\/en\/wp-json\/wp\/v2\/media?parent=10126"}],"wp:term":[{"taxonomy":"product_brand","embeddable":true,"href":"https:\/\/gectech.mx\/en\/wp-json\/wp\/v2\/product_brand?post=10126"},{"taxonomy":"product_cat","embeddable":true,"href":"https:\/\/gectech.mx\/en\/wp-json\/wp\/v2\/product_cat?post=10126"},{"taxonomy":"product_tag","embeddable":true,"href":"https:\/\/gectech.mx\/en\/wp-json\/wp\/v2\/product_tag?post=10126"}],"curies":[{"name":"wp","href":"https:\/\/api.w.org\/{rel}","templated":true}]}}